{"id":3,"date":"2024-01-16T13:56:03","date_gmt":"2024-01-16T13:56:03","guid":{"rendered":"http:\/\/solresidences.ro\/?page_id=3"},"modified":"2024-02-27T08:39:21","modified_gmt":"2024-02-27T08:39:21","slug":"politica-de-confidentialitate","status":"publish","type":"page","link":"https:\/\/solresidences.ro\/en\/politica-de-confidentialitate\/","title":{"rendered":"Politica de confidentialitate"},"content":{"rendered":"<div data-elementor-type=\"wp-page\" data-elementor-id=\"3\" class=\"elementor elementor-3\">\n\t\t\t\t<div class=\"elementor-element elementor-element-151dc638 e-flex e-con-boxed e-con e-parent\" data-id=\"151dc638\" data-element_type=\"container\">\n\t\t\t\t\t<div class=\"e-con-inner\">\n\t\t\t\t<div class=\"elementor-element elementor-element-47aa4821 elementor-widget elementor-widget-text-editor\" data-id=\"47aa4821\" data-element_type=\"widget\" data-widget_type=\"text-editor.default\">\n\t\t\t\t<div class=\"elementor-widget-container\">\n\t\t\t\t\t\t\t\t\t\n<h2 class=\"wp-block-heading\"><strong>Privacy Policy<\/strong><\/h2>\n<p>\u00a0<\/p>\n\n<p>Incepand cu 25 mai 2018 a intrat in vigoare Regulamentul 2016\/679\/UE privind protectia persoanelor fizice prin prelucrarea datelor cu caracter personal si libera circulatie a acestora, regulament care va fi aplicat de toate statele Uniunii Europene.<\/p>\n\n<p>REALTY PLUS IMOBILIARE SRL se aliniaza prevederilor Regulamentului 2016\/679\/UE si te informeaza prin \u201cpolitica de confidentialitate\u201d asupra drepturilor tale privind prelucrarea datelor cu caracter personal.<\/p>\n\n<p><strong>Prelucrarea datelor<\/strong><\/p>\n\n<p>Prelucrarea inseamna operatiuni cum sunt: colectarea, inregistrarea, organizarea, stocarea, modificarea, consultarea, utilizarea, transmiterea, stergerea, arhivarea datelor cu caracter personal.<\/p>\n\n<p><strong>Ce date prelucram:<\/strong><\/p>\n\n<p><strong>Date identificare:\u00a0<\/strong>nume, prenume, CNP, seria si numarul de identitate, al pasaportului si alte informatii continute in acestea , adresa de domiciliu, adresa de corespondenta, e-mail, telefon (fix, mobil, fax), identificator online;<\/p>\n\n<p><strong>Date trimise prin terte parti:\u00a0<\/strong>nume, prenume, numar telefon, adresa e-mail, mesaje trimise pentru diverse proprietati publicate si promovate pe site-ul propriu si site-uri partenere.<\/p>\n\n<p><strong>Date tehnice:\u00a0<\/strong>adresa IP, sistem operare, platforme de pe dispozitivele folosite pentru a ne accesa proprietatile publicate.<\/p>\n\n<p>Toate datele vi se colecteaza dupa ce ati acceptat automat\u00a0<a href=\"https:\/\/solresidences.ro\/en\/termeni-si-conditii\/\" target=\"_blank\" rel=\"noopener\">Termenii si Conditiile<\/a>\u00a0din site si\u00a0<a href=\"https:\/\/solresidences.ro\/en\/politica-de-confidentialitate\/\" target=\"_blank\" rel=\"noopener\">Politica de Confidentialitate<\/a>.<\/p>\n\n<p><strong>Scopul prelucrarii datelor colectate<\/strong><\/p>\n\n<p>Scopul pentru care REALTY PLUS IMOBILIARE SRL prelucreaza datele cu caracter personal sunt:<\/p>\n\n<p>&#8211; furnizarea de servicii de intermediere imobiliara prin intermediul canalelor disponibile in acest sens (locatia sediului Oras Voluntari, Bulevardul Pipera, Nr. 1\/VI A, Spatiul de birouri nr.4, Oficiul nr.6, Etaj 6, Judetul Ilfov, internet, e-mail, telefon).<\/p>\n\n<p>&#8211; identificarea persoanelor vizate atat in locatia sediului Oras Voluntari, Bulevardul Pipera, Nr. 1\/VI A, Spatiul de birouri nr.4, Oficiul nr.6, Etaj 6, Judetul Ilfov, cat si prin intermediul mijloacelor de comunicare (internet, e-mail, telefon)<\/p>\n\n<p>&#8211; efectuarea de analize, studii de piata, prin care se urmareste evaluarea Clientului, persoanei fizice vizate, cu scopul de a tranzactiona diverse operatiuni ce tin de obiectul de activitate al societatii REALTY PLUS IMOBILIARE SRL.<\/p>\n\n<p>&#8211; realizarea de activitati de marketing sau publicitate in general, realizarea de sondaj. In acest sens datele dvs cu caracter personal vor fi utilizate pentru a va informa in legatura cu noile proprietati din piata, reduceri de pret la cele existente in portofoliu.<\/p>\n\n<p>In vederea realizarii scopurilor mentionate, datele cu caracter personal vor fi prelucrate de REALTY PLUS IMOBILIARE SRL pe tot parcursul relatiei contractuale si dupa finalizarea acesteia in vederea conformarii cu obligatiile legale aplicabile in domeniu.<\/p>\n\n<p>Va informam ca utilizand site-ul nostru va putem colecta automat date tehnice prin utilizarea de fisiere cookie. Politica privind utilizarea <a href=\"https:\/\/solresidences.ro\/en\/politica-cookies\/\" target=\"_blank\" rel=\"noopener\">cookie<\/a> o regasiti <a href=\"https:\/\/solresidences.ro\/en\/politica-cookies\/\" target=\"_blank\" rel=\"noopener\">AICI<\/a><\/p>\n\n<p><strong>Drepturile clientului<\/strong><\/p>\n\n<p><strong>Dreptul la informare<\/strong>&#8211; dreptul de a primi informatii privind activitatile de prelucrare a datelor cu caracter personal, efectuate de catre REALTY PLUS IMOBILIARE SRL.<\/p>\n\n<p><strong>Dreptul de acces<\/strong> \u2013 puteti solicita si obtine confirmarea faptului ca datele dvs cu caracter personal sunt prelucrate sau nu de catre REALTY PLUS IMOBILIARE SRL.<\/p>\n\n<p><strong>Dreptul de rectificare-<\/strong> dreptul de a obtine rectificarea datelor cu caracter personal si actualizarea celor incomplete.<\/p>\n\n<p><strong>Dreptul de opozitie<\/strong>\u00a0\u2013 va puteti opune in orice moment prelucrarilor datelor dvs cu caracter personal<\/p>\n\n<p><strong>Dreptul de retragere al consimtamantului<\/strong>\u00a0\u2013 in cazurile in care prelucrarea se intemeiaza pe consimtamant, acesta poate fi retras oricand.<\/p>\n\n<p><strong>Dreptul de a fi sters<\/strong>\u00a0\u2013 aveti dreptul de a solicita stergerea datelor dvs cu caracter personal din baza noastra de date.<\/p>\n\n<p>Va recomandam sa cititi regulamentul societatii REALTY PLUS IMOBILIARE SRL privind <a href=\"https:\/\/solresidences.ro\/en\/termeni-si-conditii\/\" target=\"_blank\" rel=\"noopener\">Termenii si Conditiile<\/a> and <a href=\"https:\/\/solresidences.ro\/en\/politica-cookies\/\" target=\"_blank\" rel=\"noopener\">Politica Cookies<\/a> actualizate conform normelor prevederilor Regulamentului European privind protectia datelor cu caracter personal (\u2019\u2019General Data Protection Regulation \u2013 GDPR\u2019\u2019).<\/p>\n\t\t\t\t\t\t\t\t<\/div>\n\t\t\t\t<\/div>\n\t\t\t\t\t<\/div>\n\t\t\t\t<\/div>\n\t\t\t\t<\/div>","protected":false},"excerpt":{"rendered":"<p>Politica de confiden\u0163ialitate \u00a0 Incepand cu 25 mai 2018 a intrat in vigoare Regulamentul 2016\/679\/UE privind protectia persoanelor fizice prin prelucrarea datelor cu caracter personal si libera circulatie a acestora, regulament care va fi aplicat de toate statele Uniunii Europene. REALTY PLUS IMOBILIARE SRL se aliniaza prevederilor Regulamentului 2016\/679\/UE si te informeaza prin \u201cpolitica de [&hellip;]<\/p>","protected":false},"author":1,"featured_media":0,"parent":0,"menu_order":0,"comment_status":"closed","ping_status":"closed","template":"elementor_header_footer","meta":{"footnotes":""},"class_list":["post-3","page","type-page","status-publish","hentry"],"yoast_head":"<!-- This site is optimized with the Yoast SEO plugin v25.5 - https:\/\/yoast.com\/wordpress\/plugins\/seo\/ -->\n<title>Politica de confidentialitate - Sol Residences<\/title>\n<meta name=\"robots\" content=\"index, follow, max-snippet:-1, max-image-preview:large, max-video-preview:-1\" \/>\n<link rel=\"canonical\" href=\"https:\/\/solresidences.ro\/en\/politica-de-confidentialitate\/\" \/>\n<meta property=\"og:locale\" content=\"en_GB\" \/>\n<meta property=\"og:type\" content=\"article\" \/>\n<meta property=\"og:title\" content=\"Politica de confidentialitate - Sol Residences\" \/>\n<meta property=\"og:description\" content=\"Politica de confiden\u0163ialitate \u00a0 Incepand cu 25 mai 2018 a intrat in vigoare Regulamentul 2016\/679\/UE privind protectia persoanelor fizice prin prelucrarea datelor cu caracter personal si libera circulatie a acestora, regulament care va fi aplicat de toate statele Uniunii Europene. REALTY PLUS IMOBILIARE SRL se aliniaza prevederilor Regulamentului 2016\/679\/UE si te informeaza prin \u201cpolitica de [&hellip;]\" \/>\n<meta property=\"og:url\" content=\"https:\/\/solresidences.ro\/en\/politica-de-confidentialitate\/\" \/>\n<meta property=\"og:site_name\" content=\"Sol Residences\" \/>\n<meta property=\"article:publisher\" content=\"https:\/\/www.facebook.com\/thesolresidences\" \/>\n<meta property=\"article:modified_time\" content=\"2024-02-27T08:39:21+00:00\" \/>\n<meta property=\"og:image\" content=\"https:\/\/solresidences.ro\/wp-content\/uploads\/2024\/01\/C6_7-scaled.jpg\" \/>\n\t<meta property=\"og:image:width\" content=\"2560\" \/>\n\t<meta property=\"og:image:height\" content=\"1440\" \/>\n\t<meta property=\"og:image:type\" content=\"image\/jpeg\" \/>\n<meta name=\"twitter:card\" content=\"summary_large_image\" \/>\n<meta name=\"twitter:label1\" content=\"Estimated reading time\" \/>\n\t<meta name=\"twitter:data1\" content=\"4 minutes\" \/>\n<script type=\"application\/ld+json\" class=\"yoast-schema-graph\">{\"@context\":\"https:\/\/schema.org\",\"@graph\":[{\"@type\":\"WebPage\",\"@id\":\"https:\/\/solresidences.ro\/politica-de-confidentialitate\/\",\"url\":\"https:\/\/solresidences.ro\/politica-de-confidentialitate\/\",\"name\":\"Politica de confidentialitate - Sol Residences\",\"isPartOf\":{\"@id\":\"https:\/\/solresidences.ro\/#website\"},\"datePublished\":\"2024-01-16T13:56:03+00:00\",\"dateModified\":\"2024-02-27T08:39:21+00:00\",\"breadcrumb\":{\"@id\":\"https:\/\/solresidences.ro\/politica-de-confidentialitate\/#breadcrumb\"},\"inLanguage\":\"en-GB\",\"potentialAction\":[{\"@type\":\"ReadAction\",\"target\":[\"https:\/\/solresidences.ro\/politica-de-confidentialitate\/\"]}]},{\"@type\":\"BreadcrumbList\",\"@id\":\"https:\/\/solresidences.ro\/politica-de-confidentialitate\/#breadcrumb\",\"itemListElement\":[{\"@type\":\"ListItem\",\"position\":1,\"name\":\"Home\",\"item\":\"https:\/\/solresidences.ro\/\"},{\"@type\":\"ListItem\",\"position\":2,\"name\":\"Politica de confidentialitate\"}]},{\"@type\":\"WebSite\",\"@id\":\"https:\/\/solresidences.ro\/#website\",\"url\":\"https:\/\/solresidences.ro\/\",\"name\":\"Sol Residences - case eficiente energetic\",\"description\":\"Case \u00een armonie cu natura!\",\"publisher\":{\"@id\":\"https:\/\/solresidences.ro\/#organization\"},\"alternateName\":\"Sol Residences - case eficiente energetic\",\"potentialAction\":[{\"@type\":\"SearchAction\",\"target\":{\"@type\":\"EntryPoint\",\"urlTemplate\":\"https:\/\/solresidences.ro\/?s={search_term_string}\"},\"query-input\":{\"@type\":\"PropertyValueSpecification\",\"valueRequired\":true,\"valueName\":\"search_term_string\"}}],\"inLanguage\":\"en-GB\"},{\"@type\":\"Organization\",\"@id\":\"https:\/\/solresidences.ro\/#organization\",\"name\":\"Sol Residences - CASE \u00ceN ARMONIE CU NATURA \u2013 INVESTE\u015eTE \u00ceN TEREN ACUM!\",\"alternateName\":\"CASE \u00ceN ARMONIE CU NATURA \u2013 INVESTE\u015eTE \u00ceN TEREN ACUM!\",\"url\":\"https:\/\/solresidences.ro\/\",\"logo\":{\"@type\":\"ImageObject\",\"inLanguage\":\"en-GB\",\"@id\":\"https:\/\/solresidences.ro\/#\/schema\/logo\/image\/\",\"url\":\"https:\/\/solresidences.ro\/wp-content\/uploads\/2024\/01\/cropped-Original-Logo-Symbol.png\",\"contentUrl\":\"https:\/\/solresidences.ro\/wp-content\/uploads\/2024\/01\/cropped-Original-Logo-Symbol.png\",\"width\":250,\"height\":250,\"caption\":\"Sol Residences - CASE \u00ceN ARMONIE CU NATURA \u2013 INVESTE\u015eTE \u00ceN TEREN ACUM!\"},\"image\":{\"@id\":\"https:\/\/solresidences.ro\/#\/schema\/logo\/image\/\"},\"sameAs\":[\"https:\/\/www.facebook.com\/thesolresidences\",\"https:\/\/www.instagram.com\/solresidences\/\"]}]}<\/script>\n<!-- \/ Yoast SEO plugin. -->","yoast_head_json":{"title":"Politica de confidentialitate - Sol Residences","robots":{"index":"index","follow":"follow","max-snippet":"max-snippet:-1","max-image-preview":"max-image-preview:large","max-video-preview":"max-video-preview:-1"},"canonical":"https:\/\/solresidences.ro\/en\/politica-de-confidentialitate\/","og_locale":"en_GB","og_type":"article","og_title":"Politica de confidentialitate - Sol Residences","og_description":"Politica de confiden\u0163ialitate \u00a0 Incepand cu 25 mai 2018 a intrat in vigoare Regulamentul 2016\/679\/UE privind protectia persoanelor fizice prin prelucrarea datelor cu caracter personal si libera circulatie a acestora, regulament care va fi aplicat de toate statele Uniunii Europene. REALTY PLUS IMOBILIARE SRL se aliniaza prevederilor Regulamentului 2016\/679\/UE si te informeaza prin \u201cpolitica de [&hellip;]","og_url":"https:\/\/solresidences.ro\/en\/politica-de-confidentialitate\/","og_site_name":"Sol Residences","article_publisher":"https:\/\/www.facebook.com\/thesolresidences","article_modified_time":"2024-02-27T08:39:21+00:00","og_image":[{"width":2560,"height":1440,"url":"https:\/\/solresidences.ro\/wp-content\/uploads\/2024\/01\/C6_7-scaled.jpg","type":"image\/jpeg"}],"twitter_card":"summary_large_image","twitter_misc":{"Estimated reading time":"4 minutes"},"schema":{"@context":"https:\/\/schema.org","@graph":[{"@type":"WebPage","@id":"https:\/\/solresidences.ro\/politica-de-confidentialitate\/","url":"https:\/\/solresidences.ro\/politica-de-confidentialitate\/","name":"Politica de confidentialitate - Sol Residences","isPartOf":{"@id":"https:\/\/solresidences.ro\/#website"},"datePublished":"2024-01-16T13:56:03+00:00","dateModified":"2024-02-27T08:39:21+00:00","breadcrumb":{"@id":"https:\/\/solresidences.ro\/politica-de-confidentialitate\/#breadcrumb"},"inLanguage":"en-GB","potentialAction":[{"@type":"ReadAction","target":["https:\/\/solresidences.ro\/politica-de-confidentialitate\/"]}]},{"@type":"BreadcrumbList","@id":"https:\/\/solresidences.ro\/politica-de-confidentialitate\/#breadcrumb","itemListElement":[{"@type":"ListItem","position":1,"name":"Home","item":"https:\/\/solresidences.ro\/"},{"@type":"ListItem","position":2,"name":"Politica de confidentialitate"}]},{"@type":"WebSite","@id":"https:\/\/solresidences.ro\/#website","url":"https:\/\/solresidences.ro\/","name":"Sol Residences - case eficiente energetic","description":"Case \u00een armonie cu natura!","publisher":{"@id":"https:\/\/solresidences.ro\/#organization"},"alternateName":"Sol Residences - case eficiente energetic","potentialAction":[{"@type":"SearchAction","target":{"@type":"EntryPoint","urlTemplate":"https:\/\/solresidences.ro\/?s={search_term_string}"},"query-input":{"@type":"PropertyValueSpecification","valueRequired":true,"valueName":"search_term_string"}}],"inLanguage":"en-GB"},{"@type":"Organization","@id":"https:\/\/solresidences.ro\/#organization","name":"Sol Residences - CASE \u00ceN ARMONIE CU NATURA \u2013 INVESTE\u015eTE \u00ceN TEREN ACUM!","alternateName":"CASE \u00ceN ARMONIE CU NATURA \u2013 INVESTE\u015eTE \u00ceN TEREN ACUM!","url":"https:\/\/solresidences.ro\/","logo":{"@type":"ImageObject","inLanguage":"en-GB","@id":"https:\/\/solresidences.ro\/#\/schema\/logo\/image\/","url":"https:\/\/solresidences.ro\/wp-content\/uploads\/2024\/01\/cropped-Original-Logo-Symbol.png","contentUrl":"https:\/\/solresidences.ro\/wp-content\/uploads\/2024\/01\/cropped-Original-Logo-Symbol.png","width":250,"height":250,"caption":"Sol Residences - CASE \u00ceN ARMONIE CU NATURA \u2013 INVESTE\u015eTE \u00ceN TEREN ACUM!"},"image":{"@id":"https:\/\/solresidences.ro\/#\/schema\/logo\/image\/"},"sameAs":["https:\/\/www.facebook.com\/thesolresidences","https:\/\/www.instagram.com\/solresidences\/"]}]}},"_links":{"self":[{"href":"https:\/\/solresidences.ro\/en\/wp-json\/wp\/v2\/pages\/3","targetHints":{"allow":["GET"]}}],"collection":[{"href":"https:\/\/solresidences.ro\/en\/wp-json\/wp\/v2\/pages"}],"about":[{"href":"https:\/\/solresidences.ro\/en\/wp-json\/wp\/v2\/types\/page"}],"author":[{"embeddable":true,"href":"https:\/\/solresidences.ro\/en\/wp-json\/wp\/v2\/users\/1"}],"replies":[{"embeddable":true,"href":"https:\/\/solresidences.ro\/en\/wp-json\/wp\/v2\/comments?post=3"}],"version-history":[{"count":0,"href":"https:\/\/solresidences.ro\/en\/wp-json\/wp\/v2\/pages\/3\/revisions"}],"wp:attachment":[{"href":"https:\/\/solresidences.ro\/en\/wp-json\/wp\/v2\/media?parent=3"}],"curies":[{"name":"wp","href":"https:\/\/api.w.org\/{rel}","templated":true}]}}